{"id":8,"date":"2025-01-17T19:06:49","date_gmt":"2025-01-17T19:06:49","guid":{"rendered":"https:\/\/arquitectura-construccion.eu\/?page_id=8"},"modified":"2025-10-11T18:57:22","modified_gmt":"2025-10-11T18:57:22","slug":"inicio","status":"publish","type":"page","link":"https:\/\/arquitectura-construccion.eu\/en\/","title":{"rendered":"Home"},"content":{"rendered":"<div data-elementor-type=\"wp-page\" data-elementor-id=\"8\" class=\"elementor elementor-8\" data-elementor-post-type=\"page\">\n\t\t\t\t<div class=\"elementor-element elementor-element-9a4abd7 e-flex e-con-boxed e-con e-parent\" data-id=\"9a4abd7\" data-element_type=\"container\" data-settings=\"{&quot;background_background&quot;:&quot;slideshow&quot;,&quot;background_slideshow_gallery&quot;:[{&quot;id&quot;:37,&quot;url&quot;:&quot;https:\\\/\\\/arquitectura-construccion.eu\\\/wp-content\\\/uploads\\\/2025\\\/01\\\/19.2-Grande.jpeg&quot;},{&quot;id&quot;:38,&quot;url&quot;:&quot;https:\\\/\\\/arquitectura-construccion.eu\\\/wp-content\\\/uploads\\\/2025\\\/01\\\/14.4-Grande.jpg&quot;},{&quot;id&quot;:40,&quot;url&quot;:&quot;https:\\\/\\\/arquitectura-construccion.eu\\\/wp-content\\\/uploads\\\/2025\\\/01\\\/14.3-Grande.jpg&quot;}],&quot;background_slideshow_loop&quot;:&quot;yes&quot;,&quot;background_slideshow_slide_duration&quot;:5000,&quot;background_slideshow_slide_transition&quot;:&quot;fade&quot;,&quot;background_slideshow_transition_duration&quot;:500}\">\n\t\t\t\t\t<div class=\"e-con-inner\">\n\t\t\t\t<div class=\"elementor-element elementor-element-e6cc42b elementor-widget elementor-widget-heading\" data-id=\"e6cc42b\" data-element_type=\"widget\" data-widget_type=\"heading.default\">\n\t\t\t\t<div class=\"elementor-widget-container\">\n\t\t\t\t\t<h1 class=\"elementor-heading-title elementor-size-default\">Jerez-Schneider<br>Design Build<\/h1>\t\t\t\t<\/div>\n\t\t\t\t<\/div>\n\t\t\t\t<div class=\"elementor-element elementor-element-b91c602 elementor-widget elementor-widget-heading\" data-id=\"b91c602\" data-element_type=\"widget\" data-widget_type=\"heading.default\">\n\t\t\t\t<div class=\"elementor-widget-container\">\n\t\t\t\t\t<h2 class=\"elementor-heading-title elementor-size-default\">Architectural studio specialising in <br>design and build your dreams.<\/h2>\t\t\t\t<\/div>\n\t\t\t\t<\/div>\n\t\t\t\t\t<\/div>\n\t\t\t\t<\/div>\n\t\t<div class=\"elementor-element elementor-element-335cbb1 e-flex e-con-boxed e-con e-parent\" data-id=\"335cbb1\" data-element_type=\"container\">\n\t\t\t\t\t<div class=\"e-con-inner\">\n\t\t<div class=\"elementor-element elementor-element-e543a8d e-con-full e-flex e-con e-child\" data-id=\"e543a8d\" data-element_type=\"container\">\n\t\t\t\t<div class=\"elementor-element elementor-element-3a1a198 elementor-widget elementor-widget-heading\" data-id=\"3a1a198\" data-element_type=\"widget\" data-widget_type=\"heading.default\">\n\t\t\t\t<div class=\"elementor-widget-container\">\n\t\t\t\t\t<h2 class=\"elementor-heading-title elementor-size-default\">Who are we?<\/h2>\t\t\t\t<\/div>\n\t\t\t\t<\/div>\n\t\t\t\t<div class=\"elementor-element elementor-element-d230009 elementor-widget elementor-widget-heading\" data-id=\"d230009\" data-element_type=\"widget\" data-widget_type=\"heading.default\">\n\t\t\t\t<div class=\"elementor-widget-container\">\n\t\t\t\t\t<h2 class=\"elementor-heading-title elementor-size-default\">Design your space to your liking<\/h2>\t\t\t\t<\/div>\n\t\t\t\t<\/div>\n\t\t\t\t<div class=\"elementor-element elementor-element-5939fba elementor-widget elementor-widget-text-editor\" data-id=\"5939fba\" data-element_type=\"widget\" data-widget_type=\"text-editor.default\">\n\t\t\t\t<div class=\"elementor-widget-container\">\n\t\t\t\t\t\t\t\t\t<p>At Arquitectura Construcci\u00f3n, we understand that every space tells a story and should reflect the essence of those who inhabit it. That is why we are dedicated to designing unique and completely customised projects, where your tastes, needs and aspirations are at the heart of our work. Our team combines creativity, functionality and an innovative approach to create environments that are not only aesthetically stunning, but also practical and adapted to your lifestyle.<\/p><p>From conceptualisation to execution, we work hand in hand with you to ensure that every detail is perfect, because we know that the spaces where you live, work or enjoy yourself are an extension of your personality. Our commitment is to transform your ideas into reality, creating environments that inspire you and accompany you in your daily life, making your space a reflection of what you have always dreamed of!<\/p>\t\t\t\t\t\t\t\t<\/div>\n\t\t\t\t<\/div>\n\t\t\t\t<div class=\"elementor-element elementor-element-05d00e5 elementor-widget elementor-widget-button\" data-id=\"05d00e5\" data-element_type=\"widget\" data-widget_type=\"button.default\">\n\t\t\t\t<div class=\"elementor-widget-container\">\n\t\t\t\t\t\t\t\t\t<div class=\"elementor-button-wrapper\">\n\t\t\t\t\t<a class=\"elementor-button elementor-button-link elementor-size-sm\" href=\"https:\/\/arquitectura-construccion.eu\/en\/sobre-nosotros\/\">\n\t\t\t\t\t\t<span class=\"elementor-button-content-wrapper\">\n\t\t\t\t\t\t\t\t\t<span class=\"elementor-button-text\">Read more<\/span>\n\t\t\t\t\t<\/span>\n\t\t\t\t\t<\/a>\n\t\t\t\t<\/div>\n\t\t\t\t\t\t\t\t<\/div>\n\t\t\t\t<\/div>\n\t\t\t\t<\/div>\n\t\t<div class=\"elementor-element elementor-element-181f949 e-con-full e-flex e-con e-child\" data-id=\"181f949\" data-element_type=\"container\" data-settings=\"{&quot;background_background&quot;:&quot;classic&quot;}\">\n\t\t\t\t<\/div>\n\t\t\t\t\t<\/div>\n\t\t\t\t<\/div>\n\t\t<div class=\"elementor-element elementor-element-3ff75ff e-flex e-con-boxed e-con e-parent\" data-id=\"3ff75ff\" data-element_type=\"container\" data-settings=\"{&quot;background_background&quot;:&quot;classic&quot;}\">\n\t\t\t\t\t<div class=\"e-con-inner\">\n\t\t<div class=\"elementor-element elementor-element-f41b2ce e-con-full e-flex e-con e-child\" data-id=\"f41b2ce\" data-element_type=\"container\">\n\t\t<div class=\"elementor-element elementor-element-a700262 e-con-full e-grid elementor-hidden-mobile e-con e-child\" data-id=\"a700262\" data-element_type=\"container\">\n\t\t<div class=\"elementor-element elementor-element-03a3fd7 e-con-full elementor-hidden-mobile e-flex e-con e-child\" data-id=\"03a3fd7\" data-element_type=\"container\" data-settings=\"{&quot;background_background&quot;:&quot;classic&quot;}\">\n\t\t\t\t<\/div>\n\t\t<div class=\"elementor-element elementor-element-a34292c e-con-full elementor-hidden-mobile e-flex e-con e-child\" data-id=\"a34292c\" data-element_type=\"container\" data-settings=\"{&quot;background_background&quot;:&quot;classic&quot;}\">\n\t\t\t\t<\/div>\n\t\t\t\t<\/div>\n\t\t<div class=\"elementor-element elementor-element-938bf55 e-con-full e-flex e-con e-child\" data-id=\"938bf55\" data-element_type=\"container\">\n\t\t<div class=\"elementor-element elementor-element-4082c59 e-con-full e-flex e-con e-child\" data-id=\"4082c59\" data-element_type=\"container\" data-settings=\"{&quot;background_background&quot;:&quot;classic&quot;}\">\n\t\t\t\t<\/div>\n\t\t\t\t<\/div>\n\t\t\t\t<\/div>\n\t\t<div class=\"elementor-element elementor-element-dbadcb7 e-con-full e-flex e-con e-child\" data-id=\"dbadcb7\" data-element_type=\"container\">\n\t\t\t\t<div class=\"elementor-element elementor-element-719a236 elementor-widget elementor-widget-heading\" data-id=\"719a236\" data-element_type=\"widget\" data-widget_type=\"heading.default\">\n\t\t\t\t<div class=\"elementor-widget-container\">\n\t\t\t\t\t<h2 class=\"elementor-heading-title elementor-size-default\">Projects<\/h2>\t\t\t\t<\/div>\n\t\t\t\t<\/div>\n\t\t\t\t<div class=\"elementor-element elementor-element-9251d0e elementor-widget elementor-widget-heading\" data-id=\"9251d0e\" data-element_type=\"widget\" data-widget_type=\"heading.default\">\n\t\t\t\t<div class=\"elementor-widget-container\">\n\t\t\t\t\t<h2 class=\"elementor-heading-title elementor-size-default\">Inspiration in Every Detail<\/h2>\t\t\t\t<\/div>\n\t\t\t\t<\/div>\n\t\t\t\t<div class=\"elementor-element elementor-element-9a98e49 elementor-widget elementor-widget-text-editor\" data-id=\"9a98e49\" data-element_type=\"widget\" data-widget_type=\"text-editor.default\">\n\t\t\t\t<div class=\"elementor-widget-container\">\n\t\t\t\t\t\t\t\t\t<p>Every project we undertake is a reflection of our passion for architecture and design. In this gallery you will find a selection of the work we have carried out, where each image tells a unique story of creativity, functionality and attention to detail.<\/p><p>From elegant residences to innovative commercial spaces, each project is the result of a collaborative process in which we transform our clients' ideas and needs into tangible realities. We pride ourselves on designing and building spaces that not only stand out for their aesthetics, but also for their ability to adapt perfectly to the people who live and enjoy them.<\/p><p>Explore our gallery and be inspired by the diversity and quality of our work. We're sure you'll find something to spark your imagination and motivate you to take the first step towards your own project - discover what we can achieve together!<\/p>\t\t\t\t\t\t\t\t<\/div>\n\t\t\t\t<\/div>\n\t\t\t\t<div class=\"elementor-element elementor-element-d10619e elementor-widget elementor-widget-button\" data-id=\"d10619e\" data-element_type=\"widget\" data-widget_type=\"button.default\">\n\t\t\t\t<div class=\"elementor-widget-container\">\n\t\t\t\t\t\t\t\t\t<div class=\"elementor-button-wrapper\">\n\t\t\t\t\t<a class=\"elementor-button elementor-button-link elementor-size-sm\" href=\"https:\/\/arquitectura-construccion.eu\/en\/proyectos\/\">\n\t\t\t\t\t\t<span class=\"elementor-button-content-wrapper\">\n\t\t\t\t\t\t\t\t\t<span class=\"elementor-button-text\">Read more<\/span>\n\t\t\t\t\t<\/span>\n\t\t\t\t\t<\/a>\n\t\t\t\t<\/div>\n\t\t\t\t\t\t\t\t<\/div>\n\t\t\t\t<\/div>\n\t\t\t\t<\/div>\n\t\t\t\t\t<\/div>\n\t\t\t\t<\/div>\n\t\t<div class=\"elementor-element elementor-element-1061011 e-flex e-con-boxed e-con e-parent\" data-id=\"1061011\" data-element_type=\"container\" data-settings=\"{&quot;background_background&quot;:&quot;classic&quot;}\">\n\t\t\t\t\t<div class=\"e-con-inner\">\n\t\t<div class=\"elementor-element elementor-element-ba18eea e-con-full e-flex e-con e-child\" data-id=\"ba18eea\" data-element_type=\"container\" data-settings=\"{&quot;background_background&quot;:&quot;classic&quot;}\">\n\t\t\t\t<div class=\"elementor-element elementor-element-e4eb2f9 elementor-widget elementor-widget-heading\" data-id=\"e4eb2f9\" data-element_type=\"widget\" data-widget_type=\"heading.default\">\n\t\t\t\t<div class=\"elementor-widget-container\">\n\t\t\t\t\t<h2 class=\"elementor-heading-title elementor-size-default\">Still have questions? Contact us at<\/h2>\t\t\t\t<\/div>\n\t\t\t\t<\/div>\n\t\t\t\t<div class=\"elementor-element elementor-element-48c222e elementor-button-align-stretch elementor-widget elementor-widget-global elementor-global-102 elementor-widget-form\" data-id=\"48c222e\" data-element_type=\"widget\" data-settings=\"{&quot;step_next_label&quot;:&quot;Next&quot;,&quot;step_previous_label&quot;:&quot;Previous&quot;,&quot;button_width&quot;:&quot;100&quot;,&quot;step_type&quot;:&quot;number_text&quot;,&quot;step_icon_shape&quot;:&quot;circle&quot;}\" data-widget_type=\"form.default\">\n\t\t\t\t<div class=\"elementor-widget-container\">\n\t\t\t\t\t\t\t<form class=\"elementor-form\" method=\"post\" name=\"New Form\" action=\"\">\n\t\t\t<input type=\"hidden\" name=\"post_id\" value=\"8\"\/>\n\t\t\t<input type=\"hidden\" name=\"form_id\" value=\"48c222e\"\/>\n\t\t\t<input type=\"hidden\" name=\"referer_title\" value=\"\" \/>\n\n\t\t\t\n\t\t\t<div class=\"elementor-form-fields-wrapper elementor-labels-above\">\n\t\t\t\t\t\t\t\t<div class=\"elementor-field-type-text elementor-field-group elementor-column elementor-field-group-name elementor-col-100 elementor-field-required\">\n\t\t\t\t\t\t\t\t\t\t\t\t<label for=\"form-field-name\" class=\"elementor-field-label\">\n\t\t\t\t\t\t\t\tName\t\t\t\t\t\t\t<\/label>\n\t\t\t\t\t\t\t\t\t\t\t\t\t\t<input size=\"1\" type=\"text\" name=\"form_fields[name]\" id=\"form-field-name\" class=\"elementor-field elementor-size-sm  elementor-field-textual\" required=\"required\" aria-required=\"true\">\n\t\t\t\t\t\t\t\t\t\t\t<\/div>\n\t\t\t\t\t\t\t\t<div class=\"elementor-field-type-email elementor-field-group elementor-column elementor-field-group-email elementor-col-100 elementor-field-required\">\n\t\t\t\t\t\t\t\t\t\t\t\t<label for=\"form-field-email\" class=\"elementor-field-label\">\n\t\t\t\t\t\t\t\tEmail\t\t\t\t\t\t\t<\/label>\n\t\t\t\t\t\t\t\t\t\t\t\t\t\t<input size=\"1\" type=\"email\" name=\"form_fields[email]\" id=\"form-field-email\" class=\"elementor-field elementor-size-sm  elementor-field-textual\" required=\"required\" aria-required=\"true\">\n\t\t\t\t\t\t\t\t\t\t\t<\/div>\n\t\t\t\t\t\t\t\t<div class=\"elementor-field-type-textarea elementor-field-group elementor-column elementor-field-group-message elementor-col-100 elementor-field-required\">\n\t\t\t\t\t\t\t\t\t\t\t\t<label for=\"form-field-message\" class=\"elementor-field-label\">\n\t\t\t\t\t\t\t\tMessage\t\t\t\t\t\t\t<\/label>\n\t\t\t\t\t\t<textarea class=\"elementor-field-textual elementor-field  elementor-size-sm\" name=\"form_fields[message]\" id=\"form-field-message\" rows=\"4\" required=\"required\" aria-required=\"true\"><\/textarea>\t\t\t\t<\/div>\n\t\t\t\t\t\t\t\t<div class=\"elementor-field-type-acceptance elementor-field-group elementor-column elementor-field-group-field_191b058 elementor-col-100 elementor-field-required\">\n\t\t\t\t\t\t\t<div class=\"elementor-field-subgroup\">\n\t\t\t<span class=\"elementor-field-option\">\n\t\t\t\t<input type=\"checkbox\" name=\"form_fields[field_191b058]\" id=\"form-field-field_191b058\" class=\"elementor-field elementor-size-sm  elementor-acceptance-field\" required=\"required\" aria-required=\"true\">\n\t\t\t\t<label for=\"form-field-field_191b058\">I have read and accept the <a style=\"color:#0c0c0c\" href=\"https:\/\/arquitectura-construccion.eu\/en\/politica-de-privacidad\/\" target=\"_blank\">Privacy Policy<\/a><\/label>\t\t\t<\/span>\n\t\t<\/div>\n\t\t\t\t\t\t<\/div>\n\t\t\t\t\t\t\t\t<div class=\"elementor-field-type-recaptcha_v3 elementor-field-group elementor-column elementor-field-group-field_a9dd858 elementor-col-100 recaptcha_v3-bottomleft\">\n\t\t\t\t\t<div class=\"elementor-field\" id=\"form-field-field_a9dd858\"><div class=\"elementor-g-recaptcha\" data-sitekey=\"6LeqfOMqAAAAACKwTcokxCzeOHaPX3tMEJie6-wE\" data-type=\"v3\" data-action=\"Form\" data-badge=\"bottomleft\" data-size=\"invisible\"><\/div><\/div>\t\t\t\t<\/div>\n\t\t\t\t\t\t\t\t<div class=\"elementor-field-group elementor-column elementor-field-type-submit elementor-col-100 e-form__buttons\">\n\t\t\t\t\t<button class=\"elementor-button elementor-size-sm\" type=\"submit\">\n\t\t\t\t\t\t<span class=\"elementor-button-content-wrapper\">\n\t\t\t\t\t\t\t\t\t\t\t\t\t\t\t\t\t\t\t\t\t\t<span class=\"elementor-button-text\">Send<\/span>\n\t\t\t\t\t\t\t\t\t\t\t\t\t<\/span>\n\t\t\t\t\t<\/button>\n\t\t\t\t<\/div>\n\t\t\t<\/div>\n\t\t<input type=\"hidden\" name=\"trp-form-language\" value=\"en\"\/><\/form>\n\t\t\t\t\t\t<\/div>\n\t\t\t\t<\/div>\n\t\t\t\t<\/div>\n\t\t\t\t\t<\/div>\n\t\t\t\t<\/div>\n\t\t\t\t<\/div>","protected":false},"excerpt":{"rendered":"<p>Jerez-SchneiderDesign Build Estudio arquitect\u00f3nico especializado en dise\u00f1ar y construir tus sue\u00f1os. \u00bfQuienes Somos? Dise\u00f1a tu espacio a tu gusto En Arquitectura Construcci\u00f3n, entendemos que cada espacio cuenta una historia y debe reflejar la esencia de quienes lo habitan. Por eso, nos dedicamos a dise\u00f1ar proyectos \u00fanicos y completamente personalizados, donde tus gustos, necesidades y aspiraciones [&hellip;]<\/p>","protected":false},"author":1,"featured_media":0,"parent":0,"menu_order":0,"comment_status":"closed","ping_status":"closed","template":"","meta":{"footnotes":""},"class_list":["post-8","page","type-page","status-publish","hentry"],"_links":{"self":[{"href":"https:\/\/arquitectura-construccion.eu\/en\/wp-json\/wp\/v2\/pages\/8","targetHints":{"allow":["GET"]}}],"collection":[{"href":"https:\/\/arquitectura-construccion.eu\/en\/wp-json\/wp\/v2\/pages"}],"about":[{"href":"https:\/\/arquitectura-construccion.eu\/en\/wp-json\/wp\/v2\/types\/page"}],"author":[{"embeddable":true,"href":"https:\/\/arquitectura-construccion.eu\/en\/wp-json\/wp\/v2\/users\/1"}],"replies":[{"embeddable":true,"href":"https:\/\/arquitectura-construccion.eu\/en\/wp-json\/wp\/v2\/comments?post=8"}],"version-history":[{"count":112,"href":"https:\/\/arquitectura-construccion.eu\/en\/wp-json\/wp\/v2\/pages\/8\/revisions"}],"predecessor-version":[{"id":479,"href":"https:\/\/arquitectura-construccion.eu\/en\/wp-json\/wp\/v2\/pages\/8\/revisions\/479"}],"wp:attachment":[{"href":"https:\/\/arquitectura-construccion.eu\/en\/wp-json\/wp\/v2\/media?parent=8"}],"curies":[{"name":"wp","href":"https:\/\/api.w.org\/{rel}","templated":true}]}}